{"id":14,"date":"2020-01-25T17:23:07","date_gmt":"2020-01-25T17:23:07","guid":{"rendered":"https:\/\/www.jaimejpalacio.com\/?page_id=14"},"modified":"2022-03-27T22:45:26","modified_gmt":"2022-03-27T22:45:26","slug":"de-angel-a-demonio-0","status":"publish","type":"page","link":"https:\/\/www.jaimejpalacio.com\/index.php\/de-angel-a-demonio-0\/","title":{"rendered":"DE \u00c1NGEL A DEMONIO"},"content":{"rendered":"\n<div class=\"wp-block-group alignwide\"><div class=\"wp-block-group__inner-container is-layout-flow wp-block-group-is-layout-flow\">\n<h2 class=\"has-text-align-center wp-block-heading\" style=\"font-size:30px\">Ahora la venganza es su \u00fanico camino&#8230;<\/h2>\n<\/div><\/div>\n\n\n\n<div class=\"wp-block-media-text alignwide is-stacked-on-mobile\"><figure class=\"wp-block-media-text__media\"><img loading=\"lazy\" decoding=\"async\" width=\"1024\" height=\"985\" src=\"https:\/\/www.jaimejpalacio.com\/wp-content\/uploads\/2020\/01\/Mockup-3-1024x985.jpg\" alt=\"\" class=\"wp-image-38 size-large\" srcset=\"https:\/\/www.jaimejpalacio.com\/wp-content\/uploads\/2020\/01\/Mockup-3-1024x985.jpg 1024w, https:\/\/www.jaimejpalacio.com\/wp-content\/uploads\/2020\/01\/Mockup-3-300x289.jpg 300w, https:\/\/www.jaimejpalacio.com\/wp-content\/uploads\/2020\/01\/Mockup-3-768x739.jpg 768w, https:\/\/www.jaimejpalacio.com\/wp-content\/uploads\/2020\/01\/Mockup-3-1536x1477.jpg 1536w, https:\/\/www.jaimejpalacio.com\/wp-content\/uploads\/2020\/01\/Mockup-3-2048x1970.jpg 2048w\" sizes=\"auto, (max-width: 1024px) 100vw, 1024px\" \/><\/figure><div class=\"wp-block-media-text__content\">\n<p class=\"has-black-color has-text-color\" style=\"font-size:30px\"><meta http-equiv=\"content-type\" content=\"text\/html; charset=utf-8\">Disponible en Amazon<\/p>\n\n\n\n<div class=\"wp-block-buttons is-layout-flex wp-block-buttons-is-layout-flex\">\n<div class=\"wp-block-button\"><a class=\"wp-block-button__link has-vivid-cyan-blue-background-color has-background\" href=\"http:\/\/mybook.to\/Deangelademonioebook1\" target=\"_blank\" rel=\"noreferrer noopener\"><strong>Ebook<\/strong><\/a><\/div>\n\n\n\n<div class=\"wp-block-button\"><a class=\"wp-block-button__link has-vivid-cyan-blue-background-color has-background\" href=\"http:\/\/mybook.to\/Deangelademoniotapab\" target=\"_blank\" rel=\"noreferrer noopener\"><strong>Tapa blanda<\/strong><\/a><\/div>\n<\/div>\n<\/div><\/div>\n\n\n\n<div style=\"height:20px\" aria-hidden=\"true\" class=\"wp-block-spacer\"><\/div>\n\n\n\n<p class=\"has-text-align-center has-black-color has-text-color has-large-font-size\"><strong>SINOPSIS<\/strong><\/p>\n\n\n\n<div class=\"wp-block-group alignwide has-background\" style=\"background-color:#ffffff\"><div class=\"wp-block-group__inner-container is-layout-flow wp-block-group-is-layout-flow\">\n<div class=\"wp-block-group\"><div class=\"wp-block-group__inner-container is-layout-flow wp-block-group-is-layout-flow\">\n<p class=\"has-text-align-center\" style=\"font-size:22px\"><strong>\u00bfQu\u00e9 puede convertir a un hombre normal en un aut\u00e9ntico <em>dios de la muerte<\/em>?<\/strong><\/p>\n\n\n\n<p class=\"has-text-align-justify\" style=\"font-size:22px\">Cualquiera envidiar\u00eda a Sergio Valc\u00e1rcel. Apuesto, saludable, elegante. La vida le sonr\u00ede: tiene un buen empleo, muchos amigos, una novia estupenda y planes de boda.<\/p>\n\n\n\n<p class=\"has-text-align-center\" style=\"font-size:22px\"><strong>\u00bfAcaso se puede pedir m\u00e1s?<\/strong><\/p>\n\n\n\n<p class=\"has-text-align-justify\" style=\"font-size:22px\">Nada hac\u00eda presagiar que esa normalidad ten\u00eda los d\u00edas contados. Un martes cualquiera de un mes de julio muy lluvioso\u2026<strong>&nbsp;todo comenz\u00f3 a precipitarse hacia la oscuridad.<\/strong><\/p>\n\n\n\n<p class=\"has-text-align-justify\" style=\"font-size:22px\">Una sucesi\u00f3n de acontecimientos inesperados empiezan a remover el interior de Sergio, y&nbsp;<strong>se produce un clic,&nbsp;<\/strong><em><strong>ese&nbsp;<\/strong><\/em><strong>clic\u2026<\/strong><\/p>\n\n\n\n<p class=\"has-text-align-justify\" style=\"font-size:22px\">En su mente despierta un deseo ancestral de venganza que&nbsp;<strong>lo empuja hacia una decisi\u00f3n atroz<\/strong>: un pacto con la oscuridad, un compromiso que lo llevar\u00e1 hacia lo m\u00e1s oscuro de s\u00ed mismo sin posibilidad de regresar.<\/p>\n\n\n\n<p class=\"has-text-align-justify\" style=\"font-size:22px\">A partir de ah\u00ed comienza una carrera contra el tiempo en la que Sergio, ahora llamado Neo Azrael,&nbsp;<strong>alcanza cotas de crueldad y depravaci\u00f3n imposibles de imaginar.<\/strong>&nbsp;Solo la intuitiva inspectora Carla Rubio lo sigue de cerca, pero \u00bfconseguir\u00e1 detener esa bacanal de sangre y muerte?<\/p>\n\n\n\n<p class=\"has-text-align-justify\" style=\"font-size:22px\">\u00bfPuede el odio convertir a una persona normal en&nbsp;<strong>un aut\u00e9ntico demonio<\/strong>? \u00bfQueda en Sergio alg\u00fan destello de humanidad? \u00bfTiene a\u00fan&nbsp;<strong>alguna posibilidad de redenci\u00f3n<\/strong>?<\/p>\n\n\n\n<p class=\"has-text-align-justify\" style=\"font-size:22px\"><em>En su primera novela, Jaime J. Palacio (Espa\u00f1a, 1985) ha creado un trepidante thriller psicol\u00f3gico que conduce al lector por una peligrosa metamorfosis hacia la esencia de la maldad.<\/em><\/p>\n\n\n\n<p class=\"has-text-align-center\" style=\"font-size:22px\"><strong>Y t\u00fa, \u00bfhasta d\u00f3nde estar\u00edas dispuesto a llegar para calmar tu sed de venganza?<\/strong><\/p>\n<\/div><\/div>\n<\/div><\/div>\n\n\n\n<div style=\"height:50px\" aria-hidden=\"true\" class=\"wp-block-spacer\"><\/div>\n\n\n\n<p class=\"has-text-align-center has-black-color has-text-color\" style=\"font-size:40px\"><strong>BOOKTR\u00c1ILER<\/strong><\/p>\n\n\n\n<figure class=\"wp-block-embed is-type-video is-provider-youtube wp-block-embed-youtube wp-embed-aspect-16-9 wp-has-aspect-ratio\"><div class=\"wp-block-embed__wrapper\">\n<iframe loading=\"lazy\" title=\"Booktrailer: DE \u00c1NGEL A DEMONIO (Thriller psicol\u00f3gico)\" width=\"1140\" height=\"641\" src=\"https:\/\/www.youtube.com\/embed\/-xPYP2GCNzQ?feature=oembed\" frameborder=\"0\" allow=\"accelerometer; autoplay; clipboard-write; encrypted-media; gyroscope; picture-in-picture\" allowfullscreen><\/iframe>\n<\/div><\/figure>\n\n\n\n<div style=\"height:100px\" aria-hidden=\"true\" class=\"wp-block-spacer\"><\/div>\n\n\n\n<p class=\"has-text-align-center has-black-color has-text-color\" style=\"font-size:40px\"><strong>VISTA PREVIA<\/strong><\/p>\n\n\n\n<figure class=\"wp-block-embed is-type-rich is-provider-amazon wp-block-embed-amazon\"><div class=\"wp-block-embed__wrapper\">\n<iframe loading=\"lazy\" title=\"DE \u00c1NGEL A DEMONIO\" type=\"text\/html\" width=\"1140\" height=\"550\" frameborder=\"0\" allowfullscreen style=\"max-width:100%\" src=\"https:\/\/leer.amazon.es\/kp\/card?preview=inline&#038;linkCode=kpe&#038;ref_=k4w_oembed_2OETyA9TsbdOgj&#038;asin=B09WL8J12P&#038;tag=kpembed-20\"><\/iframe>\n<\/div><\/figure>\n\n\n\n<div style=\"height:50px\" aria-hidden=\"true\" class=\"wp-block-spacer\"><\/div>\n\n\n\n<div class=\"wp-block-media-text alignwide is-stacked-on-mobile\"><figure class=\"wp-block-media-text__media\"><img loading=\"lazy\" decoding=\"async\" width=\"1024\" height=\"985\" src=\"https:\/\/www.jaimejpalacio.com\/wp-content\/uploads\/2020\/01\/Mockup-3-1024x985.jpg\" alt=\"\" class=\"wp-image-38 size-large\" srcset=\"https:\/\/www.jaimejpalacio.com\/wp-content\/uploads\/2020\/01\/Mockup-3-1024x985.jpg 1024w, https:\/\/www.jaimejpalacio.com\/wp-content\/uploads\/2020\/01\/Mockup-3-300x289.jpg 300w, https:\/\/www.jaimejpalacio.com\/wp-content\/uploads\/2020\/01\/Mockup-3-768x739.jpg 768w, https:\/\/www.jaimejpalacio.com\/wp-content\/uploads\/2020\/01\/Mockup-3-1536x1477.jpg 1536w, https:\/\/www.jaimejpalacio.com\/wp-content\/uploads\/2020\/01\/Mockup-3-2048x1970.jpg 2048w\" sizes=\"auto, (max-width: 1024px) 100vw, 1024px\" \/><\/figure><div class=\"wp-block-media-text__content\">\n<p class=\"has-black-color has-text-color\" style=\"font-size:30px\"><meta http-equiv=\"content-type\" content=\"text\/html; charset=utf-8\">Disponible en Amazon<\/p>\n\n\n\n<div class=\"wp-block-buttons is-layout-flex wp-block-buttons-is-layout-flex\">\n<div class=\"wp-block-button\"><a class=\"wp-block-button__link has-vivid-cyan-blue-background-color has-background\" href=\"http:\/\/mybook.to\/Deangelademonioebook1\" target=\"_blank\" rel=\"noreferrer noopener\"><strong>Ebook<\/strong><\/a><\/div>\n\n\n\n<div class=\"wp-block-button\"><a class=\"wp-block-button__link has-vivid-cyan-blue-background-color has-background\" href=\"http:\/\/mybook.to\/Deangelademoniotapab\" target=\"_blank\" rel=\"noreferrer noopener\"><strong>Tapa blanda<\/strong><\/a><\/div>\n<\/div>\n<\/div><\/div>\n","protected":false},"excerpt":{"rendered":"<p>Ahora la venganza es su \u00fanico camino&#8230; SINOPSIS \u00bfQu\u00e9 puede convertir a un hombre normal en un aut\u00e9ntico dios de la muerte? Cualquiera envidiar\u00eda a Sergio Valc\u00e1rcel. Apuesto, saludable, elegante. La vida le sonr\u00ede: tiene un buen empleo, muchos amigos, una novia estupenda y planes de boda. \u00bfAcaso se puede pedir m\u00e1s? Nada hac\u00eda presagiar [&hellip;]<\/p>\n","protected":false},"author":1,"featured_media":0,"parent":0,"menu_order":0,"comment_status":"closed","ping_status":"closed","template":"page-templates\/full-width.php","meta":{"footnotes":""},"class_list":["post-14","page","type-page","status-publish","hentry"],"yoast_head":"<!-- This site is optimized with the Yoast SEO plugin v26.6 - https:\/\/yoast.com\/wordpress\/plugins\/seo\/ -->\n<title>DE \u00c1NGEL A DEMONIO - Jaime J. Palacio<\/title>\n<meta name=\"description\" content=\"\u00bfQu\u00e9 puede convertir a un hombre normal en un aut\u00e9ntico dios de la muerte?Cualquiera envidiar\u00eda a Sergio Valc\u00e1rcel. Apuesto, saludable, elegante. La vida le sonr\u00ede: tiene un buen empleo, muchos amigos, una novia estupenda y planes de boda.\u00bfAcaso se puede pedir m\u00e1s?\" \/>\n<meta name=\"robots\" content=\"index, follow, max-snippet:-1, max-image-preview:large, max-video-preview:-1\" \/>\n<link rel=\"canonical\" href=\"https:\/\/www.jaimejpalacio.com\/index.php\/de-angel-a-demonio-0\/\" \/>\n<meta property=\"og:locale\" content=\"es_ES\" \/>\n<meta property=\"og:type\" content=\"article\" \/>\n<meta property=\"og:title\" content=\"DE \u00c1NGEL A DEMONIO - Jaime J. Palacio\" \/>\n<meta property=\"og:description\" content=\"\u00bfQu\u00e9 puede convertir a un hombre normal en un aut\u00e9ntico dios de la muerte?Cualquiera envidiar\u00eda a Sergio Valc\u00e1rcel. Apuesto, saludable, elegante. La vida le sonr\u00ede: tiene un buen empleo, muchos amigos, una novia estupenda y planes de boda.\u00bfAcaso se puede pedir m\u00e1s?\" \/>\n<meta property=\"og:url\" content=\"https:\/\/www.jaimejpalacio.com\/index.php\/de-angel-a-demonio-0\/\" \/>\n<meta property=\"og:site_name\" content=\"Jaime J. Palacio\" \/>\n<meta property=\"article:modified_time\" content=\"2022-03-27T22:45:26+00:00\" \/>\n<meta property=\"og:image\" content=\"https:\/\/www.jaimejpalacio.com\/wp-content\/uploads\/2020\/01\/Mockup-3-1024x985.jpg\" \/>\n<meta name=\"twitter:card\" content=\"summary_large_image\" \/>\n<meta name=\"twitter:label1\" content=\"Tiempo de lectura\" \/>\n\t<meta name=\"twitter:data1\" content=\"2 minutos\" \/>\n<script type=\"application\/ld+json\" class=\"yoast-schema-graph\">{\"@context\":\"https:\/\/schema.org\",\"@graph\":[{\"@type\":\"WebPage\",\"@id\":\"https:\/\/www.jaimejpalacio.com\/index.php\/de-angel-a-demonio-0\/\",\"url\":\"https:\/\/www.jaimejpalacio.com\/index.php\/de-angel-a-demonio-0\/\",\"name\":\"DE \u00c1NGEL A DEMONIO - Jaime J. Palacio\",\"isPartOf\":{\"@id\":\"https:\/\/www.jaimejpalacio.com\/#website\"},\"primaryImageOfPage\":{\"@id\":\"https:\/\/www.jaimejpalacio.com\/index.php\/de-angel-a-demonio-0\/#primaryimage\"},\"image\":{\"@id\":\"https:\/\/www.jaimejpalacio.com\/index.php\/de-angel-a-demonio-0\/#primaryimage\"},\"thumbnailUrl\":\"https:\/\/www.jaimejpalacio.com\/wp-content\/uploads\/2020\/01\/Mockup-3-1024x985.jpg\",\"datePublished\":\"2020-01-25T17:23:07+00:00\",\"dateModified\":\"2022-03-27T22:45:26+00:00\",\"description\":\"\u00bfQu\u00e9 puede convertir a un hombre normal en un aut\u00e9ntico dios de la muerte?Cualquiera envidiar\u00eda a Sergio Valc\u00e1rcel. Apuesto, saludable, elegante. La vida le sonr\u00ede: tiene un buen empleo, muchos amigos, una novia estupenda y planes de boda.\u00bfAcaso se puede pedir m\u00e1s?\",\"breadcrumb\":{\"@id\":\"https:\/\/www.jaimejpalacio.com\/index.php\/de-angel-a-demonio-0\/#breadcrumb\"},\"inLanguage\":\"es\",\"potentialAction\":[{\"@type\":\"ReadAction\",\"target\":[\"https:\/\/www.jaimejpalacio.com\/index.php\/de-angel-a-demonio-0\/\"]}]},{\"@type\":\"ImageObject\",\"inLanguage\":\"es\",\"@id\":\"https:\/\/www.jaimejpalacio.com\/index.php\/de-angel-a-demonio-0\/#primaryimage\",\"url\":\"https:\/\/www.jaimejpalacio.com\/wp-content\/uploads\/2020\/01\/Mockup-3-1024x985.jpg\",\"contentUrl\":\"https:\/\/www.jaimejpalacio.com\/wp-content\/uploads\/2020\/01\/Mockup-3-1024x985.jpg\"},{\"@type\":\"BreadcrumbList\",\"@id\":\"https:\/\/www.jaimejpalacio.com\/index.php\/de-angel-a-demonio-0\/#breadcrumb\",\"itemListElement\":[{\"@type\":\"ListItem\",\"position\":1,\"name\":\"Portada\",\"item\":\"https:\/\/www.jaimejpalacio.com\/\"},{\"@type\":\"ListItem\",\"position\":2,\"name\":\"DE \u00c1NGEL A DEMONIO\"}]},{\"@type\":\"WebSite\",\"@id\":\"https:\/\/www.jaimejpalacio.com\/#website\",\"url\":\"https:\/\/www.jaimejpalacio.com\/\",\"name\":\"Jaime J. Palacio\",\"description\":\"Escritor\",\"potentialAction\":[{\"@type\":\"SearchAction\",\"target\":{\"@type\":\"EntryPoint\",\"urlTemplate\":\"https:\/\/www.jaimejpalacio.com\/?s={search_term_string}\"},\"query-input\":{\"@type\":\"PropertyValueSpecification\",\"valueRequired\":true,\"valueName\":\"search_term_string\"}}],\"inLanguage\":\"es\"}]}<\/script>\n<!-- \/ Yoast SEO plugin. -->","yoast_head_json":{"title":"DE \u00c1NGEL A DEMONIO - Jaime J. Palacio","description":"\u00bfQu\u00e9 puede convertir a un hombre normal en un aut\u00e9ntico dios de la muerte?Cualquiera envidiar\u00eda a Sergio Valc\u00e1rcel. Apuesto, saludable, elegante. La vida le sonr\u00ede: tiene un buen empleo, muchos amigos, una novia estupenda y planes de boda.\u00bfAcaso se puede pedir m\u00e1s?","robots":{"index":"index","follow":"follow","max-snippet":"max-snippet:-1","max-image-preview":"max-image-preview:large","max-video-preview":"max-video-preview:-1"},"canonical":"https:\/\/www.jaimejpalacio.com\/index.php\/de-angel-a-demonio-0\/","og_locale":"es_ES","og_type":"article","og_title":"DE \u00c1NGEL A DEMONIO - Jaime J. Palacio","og_description":"\u00bfQu\u00e9 puede convertir a un hombre normal en un aut\u00e9ntico dios de la muerte?Cualquiera envidiar\u00eda a Sergio Valc\u00e1rcel. Apuesto, saludable, elegante. La vida le sonr\u00ede: tiene un buen empleo, muchos amigos, una novia estupenda y planes de boda.\u00bfAcaso se puede pedir m\u00e1s?","og_url":"https:\/\/www.jaimejpalacio.com\/index.php\/de-angel-a-demonio-0\/","og_site_name":"Jaime J. Palacio","article_modified_time":"2022-03-27T22:45:26+00:00","og_image":[{"url":"https:\/\/www.jaimejpalacio.com\/wp-content\/uploads\/2020\/01\/Mockup-3-1024x985.jpg","type":"","width":"","height":""}],"twitter_card":"summary_large_image","twitter_misc":{"Tiempo de lectura":"2 minutos"},"schema":{"@context":"https:\/\/schema.org","@graph":[{"@type":"WebPage","@id":"https:\/\/www.jaimejpalacio.com\/index.php\/de-angel-a-demonio-0\/","url":"https:\/\/www.jaimejpalacio.com\/index.php\/de-angel-a-demonio-0\/","name":"DE \u00c1NGEL A DEMONIO - Jaime J. Palacio","isPartOf":{"@id":"https:\/\/www.jaimejpalacio.com\/#website"},"primaryImageOfPage":{"@id":"https:\/\/www.jaimejpalacio.com\/index.php\/de-angel-a-demonio-0\/#primaryimage"},"image":{"@id":"https:\/\/www.jaimejpalacio.com\/index.php\/de-angel-a-demonio-0\/#primaryimage"},"thumbnailUrl":"https:\/\/www.jaimejpalacio.com\/wp-content\/uploads\/2020\/01\/Mockup-3-1024x985.jpg","datePublished":"2020-01-25T17:23:07+00:00","dateModified":"2022-03-27T22:45:26+00:00","description":"\u00bfQu\u00e9 puede convertir a un hombre normal en un aut\u00e9ntico dios de la muerte?Cualquiera envidiar\u00eda a Sergio Valc\u00e1rcel. Apuesto, saludable, elegante. La vida le sonr\u00ede: tiene un buen empleo, muchos amigos, una novia estupenda y planes de boda.\u00bfAcaso se puede pedir m\u00e1s?","breadcrumb":{"@id":"https:\/\/www.jaimejpalacio.com\/index.php\/de-angel-a-demonio-0\/#breadcrumb"},"inLanguage":"es","potentialAction":[{"@type":"ReadAction","target":["https:\/\/www.jaimejpalacio.com\/index.php\/de-angel-a-demonio-0\/"]}]},{"@type":"ImageObject","inLanguage":"es","@id":"https:\/\/www.jaimejpalacio.com\/index.php\/de-angel-a-demonio-0\/#primaryimage","url":"https:\/\/www.jaimejpalacio.com\/wp-content\/uploads\/2020\/01\/Mockup-3-1024x985.jpg","contentUrl":"https:\/\/www.jaimejpalacio.com\/wp-content\/uploads\/2020\/01\/Mockup-3-1024x985.jpg"},{"@type":"BreadcrumbList","@id":"https:\/\/www.jaimejpalacio.com\/index.php\/de-angel-a-demonio-0\/#breadcrumb","itemListElement":[{"@type":"ListItem","position":1,"name":"Portada","item":"https:\/\/www.jaimejpalacio.com\/"},{"@type":"ListItem","position":2,"name":"DE \u00c1NGEL A DEMONIO"}]},{"@type":"WebSite","@id":"https:\/\/www.jaimejpalacio.com\/#website","url":"https:\/\/www.jaimejpalacio.com\/","name":"Jaime J. Palacio","description":"Escritor","potentialAction":[{"@type":"SearchAction","target":{"@type":"EntryPoint","urlTemplate":"https:\/\/www.jaimejpalacio.com\/?s={search_term_string}"},"query-input":{"@type":"PropertyValueSpecification","valueRequired":true,"valueName":"search_term_string"}}],"inLanguage":"es"}]}},"_links":{"self":[{"href":"https:\/\/www.jaimejpalacio.com\/index.php\/wp-json\/wp\/v2\/pages\/14","targetHints":{"allow":["GET"]}}],"collection":[{"href":"https:\/\/www.jaimejpalacio.com\/index.php\/wp-json\/wp\/v2\/pages"}],"about":[{"href":"https:\/\/www.jaimejpalacio.com\/index.php\/wp-json\/wp\/v2\/types\/page"}],"author":[{"embeddable":true,"href":"https:\/\/www.jaimejpalacio.com\/index.php\/wp-json\/wp\/v2\/users\/1"}],"replies":[{"embeddable":true,"href":"https:\/\/www.jaimejpalacio.com\/index.php\/wp-json\/wp\/v2\/comments?post=14"}],"version-history":[{"count":82,"href":"https:\/\/www.jaimejpalacio.com\/index.php\/wp-json\/wp\/v2\/pages\/14\/revisions"}],"predecessor-version":[{"id":587,"href":"https:\/\/www.jaimejpalacio.com\/index.php\/wp-json\/wp\/v2\/pages\/14\/revisions\/587"}],"wp:attachment":[{"href":"https:\/\/www.jaimejpalacio.com\/index.php\/wp-json\/wp\/v2\/media?parent=14"}],"curies":[{"name":"wp","href":"https:\/\/api.w.org\/{rel}","templated":true}]}}