{"id":288,"date":"2021-07-19T13:13:19","date_gmt":"2021-07-19T13:13:19","guid":{"rendered":"https:\/\/www.jaimejpalacio.com\/?page_id=288"},"modified":"2021-07-26T21:26:38","modified_gmt":"2021-07-26T21:26:38","slug":"sobre-el-autor","status":"publish","type":"page","link":"https:\/\/www.jaimejpalacio.com\/index.php\/sobre-el-autor\/","title":{"rendered":"Sobre el autor"},"content":{"rendered":"\n<p class=\"has-text-align-justify has-black-color has-text-color has-medium-font-size\">Jaime J. Palacio naci\u00f3 en 1985 en una localidad pr\u00f3xima a la ciudad de Barcelona (Espa\u00f1a).<\/p>\n\n\n\n<p class=\"has-text-align-justify has-black-color has-text-color has-medium-font-size\">Curs\u00f3 estudios en administraci\u00f3n y finanzas y empez\u00f3 a trabajar como contable para varias empresas, pero, con el tiempo, se dio cuenta de que eso no era lo suyo. Lo que realmente sent\u00eda que deb\u00eda hacer era escribir y compartir con el mundo todas las historias que le acompa\u00f1aban siempre en su mente.<\/p>\n\n\n\n<p class=\"has-text-align-justify has-black-color has-text-color has-medium-font-size\">Aunque actualmente s\u00f3lo tiene escritas y publicadas dos novelas, <strong><em>De \u00c1ngel a Demonio<\/em><\/strong> y <strong><em>Guardianes de la Fe Verdadera<\/em><\/strong>, persiste en su objetivo de crear las mejores y m\u00e1s entretenidas historias para el mundo.<\/p>\n","protected":false},"excerpt":{"rendered":"<p>Jaime J. Palacio naci\u00f3 en 1985 en una localidad pr\u00f3xima a la ciudad de Barcelona (Espa\u00f1a). Curs\u00f3 estudios en administraci\u00f3n y finanzas y empez\u00f3 a trabajar como contable para varias empresas, pero, con el tiempo, se dio cuenta de que eso no era lo suyo. Lo que realmente sent\u00eda que deb\u00eda hacer era escribir y [&hellip;]<\/p>\n","protected":false},"author":1,"featured_media":0,"parent":0,"menu_order":0,"comment_status":"closed","ping_status":"closed","template":"","meta":{"footnotes":""},"class_list":["post-288","page","type-page","status-publish","hentry"],"yoast_head":"<!-- This site is optimized with the Yoast SEO plugin v26.6 - https:\/\/yoast.com\/wordpress\/plugins\/seo\/ -->\n<title>Sobre el autor - Jaime J. Palacio<\/title>\n<meta name=\"description\" content=\"Jaime J. Palacio naci\u00f3 en 1985 en una localidad pr\u00f3xima a la ciudad de Barcelona (Espa\u00f1a). - Aunque actualmente s\u00f3lo tiene escritas y publicadas dos novelas, De \u00c1ngel a Demonio y Guardianes de la Fe Verdadera, persiste en su objetivo de crear las mejores y m\u00e1s entretenidas historias para el mundo.\" \/>\n<meta name=\"robots\" content=\"index, follow, max-snippet:-1, max-image-preview:large, max-video-preview:-1\" \/>\n<link rel=\"canonical\" href=\"https:\/\/www.jaimejpalacio.com\/index.php\/sobre-el-autor\/\" \/>\n<meta property=\"og:locale\" content=\"es_ES\" \/>\n<meta property=\"og:type\" content=\"article\" \/>\n<meta property=\"og:title\" content=\"Sobre el autor - Jaime J. Palacio\" \/>\n<meta property=\"og:description\" content=\"Jaime J. Palacio naci\u00f3 en 1985 en una localidad pr\u00f3xima a la ciudad de Barcelona (Espa\u00f1a). - Aunque actualmente s\u00f3lo tiene escritas y publicadas dos novelas, De \u00c1ngel a Demonio y Guardianes de la Fe Verdadera, persiste en su objetivo de crear las mejores y m\u00e1s entretenidas historias para el mundo.\" \/>\n<meta property=\"og:url\" content=\"https:\/\/www.jaimejpalacio.com\/index.php\/sobre-el-autor\/\" \/>\n<meta property=\"og:site_name\" content=\"Jaime J. Palacio\" \/>\n<meta property=\"article:modified_time\" content=\"2021-07-26T21:26:38+00:00\" \/>\n<meta name=\"twitter:card\" content=\"summary_large_image\" \/>\n<meta name=\"twitter:label1\" content=\"Tiempo de lectura\" \/>\n\t<meta name=\"twitter:data1\" content=\"1 minuto\" \/>\n<script type=\"application\/ld+json\" class=\"yoast-schema-graph\">{\"@context\":\"https:\/\/schema.org\",\"@graph\":[{\"@type\":\"WebPage\",\"@id\":\"https:\/\/www.jaimejpalacio.com\/index.php\/sobre-el-autor\/\",\"url\":\"https:\/\/www.jaimejpalacio.com\/index.php\/sobre-el-autor\/\",\"name\":\"Sobre el autor - Jaime J. Palacio\",\"isPartOf\":{\"@id\":\"https:\/\/www.jaimejpalacio.com\/#website\"},\"datePublished\":\"2021-07-19T13:13:19+00:00\",\"dateModified\":\"2021-07-26T21:26:38+00:00\",\"description\":\"Jaime J. Palacio naci\u00f3 en 1985 en una localidad pr\u00f3xima a la ciudad de Barcelona (Espa\u00f1a). - Aunque actualmente s\u00f3lo tiene escritas y publicadas dos novelas, De \u00c1ngel a Demonio y Guardianes de la Fe Verdadera, persiste en su objetivo de crear las mejores y m\u00e1s entretenidas historias para el mundo.\",\"breadcrumb\":{\"@id\":\"https:\/\/www.jaimejpalacio.com\/index.php\/sobre-el-autor\/#breadcrumb\"},\"inLanguage\":\"es\",\"potentialAction\":[{\"@type\":\"ReadAction\",\"target\":[\"https:\/\/www.jaimejpalacio.com\/index.php\/sobre-el-autor\/\"]}]},{\"@type\":\"BreadcrumbList\",\"@id\":\"https:\/\/www.jaimejpalacio.com\/index.php\/sobre-el-autor\/#breadcrumb\",\"itemListElement\":[{\"@type\":\"ListItem\",\"position\":1,\"name\":\"Portada\",\"item\":\"https:\/\/www.jaimejpalacio.com\/\"},{\"@type\":\"ListItem\",\"position\":2,\"name\":\"Sobre el autor\"}]},{\"@type\":\"WebSite\",\"@id\":\"https:\/\/www.jaimejpalacio.com\/#website\",\"url\":\"https:\/\/www.jaimejpalacio.com\/\",\"name\":\"Jaime J. Palacio\",\"description\":\"Escritor\",\"potentialAction\":[{\"@type\":\"SearchAction\",\"target\":{\"@type\":\"EntryPoint\",\"urlTemplate\":\"https:\/\/www.jaimejpalacio.com\/?s={search_term_string}\"},\"query-input\":{\"@type\":\"PropertyValueSpecification\",\"valueRequired\":true,\"valueName\":\"search_term_string\"}}],\"inLanguage\":\"es\"}]}<\/script>\n<!-- \/ Yoast SEO plugin. -->","yoast_head_json":{"title":"Sobre el autor - Jaime J. Palacio","description":"Jaime J. Palacio naci\u00f3 en 1985 en una localidad pr\u00f3xima a la ciudad de Barcelona (Espa\u00f1a). - Aunque actualmente s\u00f3lo tiene escritas y publicadas dos novelas, De \u00c1ngel a Demonio y Guardianes de la Fe Verdadera, persiste en su objetivo de crear las mejores y m\u00e1s entretenidas historias para el mundo.","robots":{"index":"index","follow":"follow","max-snippet":"max-snippet:-1","max-image-preview":"max-image-preview:large","max-video-preview":"max-video-preview:-1"},"canonical":"https:\/\/www.jaimejpalacio.com\/index.php\/sobre-el-autor\/","og_locale":"es_ES","og_type":"article","og_title":"Sobre el autor - Jaime J. Palacio","og_description":"Jaime J. Palacio naci\u00f3 en 1985 en una localidad pr\u00f3xima a la ciudad de Barcelona (Espa\u00f1a). - Aunque actualmente s\u00f3lo tiene escritas y publicadas dos novelas, De \u00c1ngel a Demonio y Guardianes de la Fe Verdadera, persiste en su objetivo de crear las mejores y m\u00e1s entretenidas historias para el mundo.","og_url":"https:\/\/www.jaimejpalacio.com\/index.php\/sobre-el-autor\/","og_site_name":"Jaime J. Palacio","article_modified_time":"2021-07-26T21:26:38+00:00","twitter_card":"summary_large_image","twitter_misc":{"Tiempo de lectura":"1 minuto"},"schema":{"@context":"https:\/\/schema.org","@graph":[{"@type":"WebPage","@id":"https:\/\/www.jaimejpalacio.com\/index.php\/sobre-el-autor\/","url":"https:\/\/www.jaimejpalacio.com\/index.php\/sobre-el-autor\/","name":"Sobre el autor - Jaime J. Palacio","isPartOf":{"@id":"https:\/\/www.jaimejpalacio.com\/#website"},"datePublished":"2021-07-19T13:13:19+00:00","dateModified":"2021-07-26T21:26:38+00:00","description":"Jaime J. Palacio naci\u00f3 en 1985 en una localidad pr\u00f3xima a la ciudad de Barcelona (Espa\u00f1a). - Aunque actualmente s\u00f3lo tiene escritas y publicadas dos novelas, De \u00c1ngel a Demonio y Guardianes de la Fe Verdadera, persiste en su objetivo de crear las mejores y m\u00e1s entretenidas historias para el mundo.","breadcrumb":{"@id":"https:\/\/www.jaimejpalacio.com\/index.php\/sobre-el-autor\/#breadcrumb"},"inLanguage":"es","potentialAction":[{"@type":"ReadAction","target":["https:\/\/www.jaimejpalacio.com\/index.php\/sobre-el-autor\/"]}]},{"@type":"BreadcrumbList","@id":"https:\/\/www.jaimejpalacio.com\/index.php\/sobre-el-autor\/#breadcrumb","itemListElement":[{"@type":"ListItem","position":1,"name":"Portada","item":"https:\/\/www.jaimejpalacio.com\/"},{"@type":"ListItem","position":2,"name":"Sobre el autor"}]},{"@type":"WebSite","@id":"https:\/\/www.jaimejpalacio.com\/#website","url":"https:\/\/www.jaimejpalacio.com\/","name":"Jaime J. Palacio","description":"Escritor","potentialAction":[{"@type":"SearchAction","target":{"@type":"EntryPoint","urlTemplate":"https:\/\/www.jaimejpalacio.com\/?s={search_term_string}"},"query-input":{"@type":"PropertyValueSpecification","valueRequired":true,"valueName":"search_term_string"}}],"inLanguage":"es"}]}},"_links":{"self":[{"href":"https:\/\/www.jaimejpalacio.com\/index.php\/wp-json\/wp\/v2\/pages\/288","targetHints":{"allow":["GET"]}}],"collection":[{"href":"https:\/\/www.jaimejpalacio.com\/index.php\/wp-json\/wp\/v2\/pages"}],"about":[{"href":"https:\/\/www.jaimejpalacio.com\/index.php\/wp-json\/wp\/v2\/types\/page"}],"author":[{"embeddable":true,"href":"https:\/\/www.jaimejpalacio.com\/index.php\/wp-json\/wp\/v2\/users\/1"}],"replies":[{"embeddable":true,"href":"https:\/\/www.jaimejpalacio.com\/index.php\/wp-json\/wp\/v2\/comments?post=288"}],"version-history":[{"count":4,"href":"https:\/\/www.jaimejpalacio.com\/index.php\/wp-json\/wp\/v2\/pages\/288\/revisions"}],"predecessor-version":[{"id":373,"href":"https:\/\/www.jaimejpalacio.com\/index.php\/wp-json\/wp\/v2\/pages\/288\/revisions\/373"}],"wp:attachment":[{"href":"https:\/\/www.jaimejpalacio.com\/index.php\/wp-json\/wp\/v2\/media?parent=288"}],"curies":[{"name":"wp","href":"https:\/\/api.w.org\/{rel}","templated":true}]}}