{"id":295,"date":"2021-07-19T13:55:30","date_gmt":"2021-07-19T13:55:30","guid":{"rendered":"https:\/\/www.jaimejpalacio.com\/?page_id=295"},"modified":"2024-08-29T00:54:44","modified_gmt":"2024-08-29T00:54:44","slug":"incio","status":"publish","type":"page","link":"https:\/\/www.jaimejpalacio.com\/","title":{"rendered":"INICIO"},"content":{"rendered":"\n<figure class=\"wp-block-image size-large\"><img loading=\"lazy\" decoding=\"async\" width=\"1024\" height=\"695\" src=\"https:\/\/www.jaimejpalacio.com\/wp-content\/uploads\/2021\/07\/Original-Logo-1024x695.png\" alt=\"\" class=\"wp-image-378\" srcset=\"https:\/\/www.jaimejpalacio.com\/wp-content\/uploads\/2021\/07\/Original-Logo-1024x695.png 1024w, https:\/\/www.jaimejpalacio.com\/wp-content\/uploads\/2021\/07\/Original-Logo-300x204.png 300w\" sizes=\"auto, (max-width: 1024px) 100vw, 1024px\" \/><\/figure>\n\n\n\n<div style=\"height:50px\" aria-hidden=\"true\" class=\"wp-block-spacer\"><\/div>\n\n\n\n<div class=\"wp-block-media-text alignwide is-stacked-on-mobile\"><figure class=\"wp-block-media-text__media\"><a href=\"https:\/\/www.jaimejpalacio.com\/index.php\/guardianes-de-la-fe-verdadera\/\"><img loading=\"lazy\" decoding=\"async\" width=\"1024\" height=\"785\" src=\"https:\/\/www.jaimejpalacio.com\/wp-content\/uploads\/2021\/07\/Tapa-blanda-grueso-1024x785.jpg\" alt=\"\" class=\"wp-image-314 size-full\" srcset=\"https:\/\/www.jaimejpalacio.com\/wp-content\/uploads\/2021\/07\/Tapa-blanda-grueso-1024x785.jpg 1024w, https:\/\/www.jaimejpalacio.com\/wp-content\/uploads\/2021\/07\/Tapa-blanda-grueso-300x230.jpg 300w, https:\/\/www.jaimejpalacio.com\/wp-content\/uploads\/2021\/07\/Tapa-blanda-grueso-768x589.jpg 768w, https:\/\/www.jaimejpalacio.com\/wp-content\/uploads\/2021\/07\/Tapa-blanda-grueso.jpg 1500w\" sizes=\"auto, (max-width: 1024px) 100vw, 1024px\" \/><\/a><\/figure><div class=\"wp-block-media-text__content\">\n<p class=\"has-text-align-left has-black-color has-text-color\" style=\"font-size:40px\"><strong>Guardianes de la Fe Verdadera<\/strong><\/p>\n\n\n\n<p class=\"has-text-align-left has-black-color has-text-color has-medium-font-size\">Novela dist\u00f3pica<\/p>\n<\/div><\/div>\n\n\n\n<div style=\"height:50px\" aria-hidden=\"true\" class=\"wp-block-spacer\"><\/div>\n\n\n\n<div class=\"wp-block-media-text alignwide is-stacked-on-mobile\"><figure class=\"wp-block-media-text__media\"><a href=\"https:\/\/www.jaimejpalacio.com\/index.php\/de-angel-a-demonio-0\/\"><img loading=\"lazy\" decoding=\"async\" width=\"1024\" height=\"785\" src=\"https:\/\/www.jaimejpalacio.com\/wp-content\/uploads\/2021\/07\/Tapa-blanda-medio-1-1024x785.jpg\" alt=\"\" class=\"wp-image-318 size-full\" srcset=\"https:\/\/www.jaimejpalacio.com\/wp-content\/uploads\/2021\/07\/Tapa-blanda-medio-1-1024x785.jpg 1024w, https:\/\/www.jaimejpalacio.com\/wp-content\/uploads\/2021\/07\/Tapa-blanda-medio-1-300x230.jpg 300w, https:\/\/www.jaimejpalacio.com\/wp-content\/uploads\/2021\/07\/Tapa-blanda-medio-1-768x589.jpg 768w, https:\/\/www.jaimejpalacio.com\/wp-content\/uploads\/2021\/07\/Tapa-blanda-medio-1.jpg 1500w\" sizes=\"auto, (max-width: 1024px) 100vw, 1024px\" \/><\/a><\/figure><div class=\"wp-block-media-text__content\">\n<p class=\"has-black-color has-text-color\" style=\"font-size:40px\"><strong>De \u00c1ngel a Demonio<\/strong><\/p>\n\n\n\n<p class=\"has-black-color has-text-color has-medium-font-size\">Novela de suspense psicol\u00f3gico<\/p>\n<\/div><\/div>\n\n\n\n<p><\/p>\n","protected":false},"excerpt":{"rendered":"<p>Guardianes de la Fe Verdadera Novela dist\u00f3pica De \u00c1ngel a Demonio Novela de suspense psicol\u00f3gico<\/p>\n","protected":false},"author":1,"featured_media":0,"parent":0,"menu_order":0,"comment_status":"closed","ping_status":"closed","template":"page-templates\/full-width.php","meta":{"footnotes":""},"class_list":["post-295","page","type-page","status-publish","hentry"],"yoast_head":"<!-- This site is optimized with the Yoast SEO plugin v26.6 - https:\/\/yoast.com\/wordpress\/plugins\/seo\/ -->\n<title>INICIO - Jaime J. Palacio<\/title>\n<meta name=\"description\" content=\"Jaime J. Palacio - Escritor de novelas de ficci\u00f3n. Guardianes de la Fe Verdadera, una apasionante novela dist\u00f3pica donde la Inquisici\u00f3n ha regresado.\" \/>\n<meta name=\"robots\" content=\"index, follow, max-snippet:-1, max-image-preview:large, max-video-preview:-1\" \/>\n<link rel=\"canonical\" href=\"https:\/\/www.jaimejpalacio.com\/\" \/>\n<meta property=\"og:locale\" content=\"es_ES\" \/>\n<meta property=\"og:type\" content=\"article\" \/>\n<meta property=\"og:title\" content=\"INICIO - Jaime J. Palacio\" \/>\n<meta property=\"og:description\" content=\"Jaime J. Palacio - Escritor de novelas de ficci\u00f3n. Guardianes de la Fe Verdadera, una apasionante novela dist\u00f3pica donde la Inquisici\u00f3n ha regresado.\" \/>\n<meta property=\"og:url\" content=\"https:\/\/www.jaimejpalacio.com\/\" \/>\n<meta property=\"og:site_name\" content=\"Jaime J. Palacio\" \/>\n<meta property=\"article:modified_time\" content=\"2024-08-29T00:54:44+00:00\" \/>\n<meta property=\"og:image\" content=\"https:\/\/www.jaimejpalacio.com\/wp-content\/uploads\/2021\/07\/Original-Logo-1024x695.png\" \/>\n<meta name=\"twitter:card\" content=\"summary_large_image\" \/>\n<meta name=\"twitter:label1\" content=\"Tiempo de lectura\" \/>\n\t<meta name=\"twitter:data1\" content=\"1 minuto\" \/>\n<script type=\"application\/ld+json\" class=\"yoast-schema-graph\">{\"@context\":\"https:\/\/schema.org\",\"@graph\":[{\"@type\":\"WebPage\",\"@id\":\"https:\/\/www.jaimejpalacio.com\/\",\"url\":\"https:\/\/www.jaimejpalacio.com\/\",\"name\":\"INICIO - Jaime J. Palacio\",\"isPartOf\":{\"@id\":\"https:\/\/www.jaimejpalacio.com\/#website\"},\"primaryImageOfPage\":{\"@id\":\"https:\/\/www.jaimejpalacio.com\/#primaryimage\"},\"image\":{\"@id\":\"https:\/\/www.jaimejpalacio.com\/#primaryimage\"},\"thumbnailUrl\":\"https:\/\/www.jaimejpalacio.com\/wp-content\/uploads\/2021\/07\/Original-Logo-1024x695.png\",\"datePublished\":\"2021-07-19T13:55:30+00:00\",\"dateModified\":\"2024-08-29T00:54:44+00:00\",\"description\":\"Jaime J. Palacio - Escritor de novelas de ficci\u00f3n. Guardianes de la Fe Verdadera, una apasionante novela dist\u00f3pica donde la Inquisici\u00f3n ha regresado.\",\"breadcrumb\":{\"@id\":\"https:\/\/www.jaimejpalacio.com\/#breadcrumb\"},\"inLanguage\":\"es\",\"potentialAction\":[{\"@type\":\"ReadAction\",\"target\":[\"https:\/\/www.jaimejpalacio.com\/\"]}]},{\"@type\":\"ImageObject\",\"inLanguage\":\"es\",\"@id\":\"https:\/\/www.jaimejpalacio.com\/#primaryimage\",\"url\":\"https:\/\/www.jaimejpalacio.com\/wp-content\/uploads\/2021\/07\/Original-Logo.png\",\"contentUrl\":\"https:\/\/www.jaimejpalacio.com\/wp-content\/uploads\/2021\/07\/Original-Logo.png\",\"width\":2800,\"height\":1900},{\"@type\":\"BreadcrumbList\",\"@id\":\"https:\/\/www.jaimejpalacio.com\/#breadcrumb\",\"itemListElement\":[{\"@type\":\"ListItem\",\"position\":1,\"name\":\"Portada\",\"item\":\"https:\/\/www.jaimejpalacio.com\/\"},{\"@type\":\"ListItem\",\"position\":2,\"name\":\"INICIO\"}]},{\"@type\":\"WebSite\",\"@id\":\"https:\/\/www.jaimejpalacio.com\/#website\",\"url\":\"https:\/\/www.jaimejpalacio.com\/\",\"name\":\"Jaime J. Palacio\",\"description\":\"Escritor\",\"potentialAction\":[{\"@type\":\"SearchAction\",\"target\":{\"@type\":\"EntryPoint\",\"urlTemplate\":\"https:\/\/www.jaimejpalacio.com\/?s={search_term_string}\"},\"query-input\":{\"@type\":\"PropertyValueSpecification\",\"valueRequired\":true,\"valueName\":\"search_term_string\"}}],\"inLanguage\":\"es\"}]}<\/script>\n<!-- \/ Yoast SEO plugin. -->","yoast_head_json":{"title":"INICIO - Jaime J. Palacio","description":"Jaime J. Palacio - Escritor de novelas de ficci\u00f3n. Guardianes de la Fe Verdadera, una apasionante novela dist\u00f3pica donde la Inquisici\u00f3n ha regresado.","robots":{"index":"index","follow":"follow","max-snippet":"max-snippet:-1","max-image-preview":"max-image-preview:large","max-video-preview":"max-video-preview:-1"},"canonical":"https:\/\/www.jaimejpalacio.com\/","og_locale":"es_ES","og_type":"article","og_title":"INICIO - Jaime J. Palacio","og_description":"Jaime J. Palacio - Escritor de novelas de ficci\u00f3n. Guardianes de la Fe Verdadera, una apasionante novela dist\u00f3pica donde la Inquisici\u00f3n ha regresado.","og_url":"https:\/\/www.jaimejpalacio.com\/","og_site_name":"Jaime J. Palacio","article_modified_time":"2024-08-29T00:54:44+00:00","og_image":[{"url":"https:\/\/www.jaimejpalacio.com\/wp-content\/uploads\/2021\/07\/Original-Logo-1024x695.png","type":"","width":"","height":""}],"twitter_card":"summary_large_image","twitter_misc":{"Tiempo de lectura":"1 minuto"},"schema":{"@context":"https:\/\/schema.org","@graph":[{"@type":"WebPage","@id":"https:\/\/www.jaimejpalacio.com\/","url":"https:\/\/www.jaimejpalacio.com\/","name":"INICIO - Jaime J. Palacio","isPartOf":{"@id":"https:\/\/www.jaimejpalacio.com\/#website"},"primaryImageOfPage":{"@id":"https:\/\/www.jaimejpalacio.com\/#primaryimage"},"image":{"@id":"https:\/\/www.jaimejpalacio.com\/#primaryimage"},"thumbnailUrl":"https:\/\/www.jaimejpalacio.com\/wp-content\/uploads\/2021\/07\/Original-Logo-1024x695.png","datePublished":"2021-07-19T13:55:30+00:00","dateModified":"2024-08-29T00:54:44+00:00","description":"Jaime J. Palacio - Escritor de novelas de ficci\u00f3n. Guardianes de la Fe Verdadera, una apasionante novela dist\u00f3pica donde la Inquisici\u00f3n ha regresado.","breadcrumb":{"@id":"https:\/\/www.jaimejpalacio.com\/#breadcrumb"},"inLanguage":"es","potentialAction":[{"@type":"ReadAction","target":["https:\/\/www.jaimejpalacio.com\/"]}]},{"@type":"ImageObject","inLanguage":"es","@id":"https:\/\/www.jaimejpalacio.com\/#primaryimage","url":"https:\/\/www.jaimejpalacio.com\/wp-content\/uploads\/2021\/07\/Original-Logo.png","contentUrl":"https:\/\/www.jaimejpalacio.com\/wp-content\/uploads\/2021\/07\/Original-Logo.png","width":2800,"height":1900},{"@type":"BreadcrumbList","@id":"https:\/\/www.jaimejpalacio.com\/#breadcrumb","itemListElement":[{"@type":"ListItem","position":1,"name":"Portada","item":"https:\/\/www.jaimejpalacio.com\/"},{"@type":"ListItem","position":2,"name":"INICIO"}]},{"@type":"WebSite","@id":"https:\/\/www.jaimejpalacio.com\/#website","url":"https:\/\/www.jaimejpalacio.com\/","name":"Jaime J. Palacio","description":"Escritor","potentialAction":[{"@type":"SearchAction","target":{"@type":"EntryPoint","urlTemplate":"https:\/\/www.jaimejpalacio.com\/?s={search_term_string}"},"query-input":{"@type":"PropertyValueSpecification","valueRequired":true,"valueName":"search_term_string"}}],"inLanguage":"es"}]}},"_links":{"self":[{"href":"https:\/\/www.jaimejpalacio.com\/index.php\/wp-json\/wp\/v2\/pages\/295","targetHints":{"allow":["GET"]}}],"collection":[{"href":"https:\/\/www.jaimejpalacio.com\/index.php\/wp-json\/wp\/v2\/pages"}],"about":[{"href":"https:\/\/www.jaimejpalacio.com\/index.php\/wp-json\/wp\/v2\/types\/page"}],"author":[{"embeddable":true,"href":"https:\/\/www.jaimejpalacio.com\/index.php\/wp-json\/wp\/v2\/users\/1"}],"replies":[{"embeddable":true,"href":"https:\/\/www.jaimejpalacio.com\/index.php\/wp-json\/wp\/v2\/comments?post=295"}],"version-history":[{"count":29,"href":"https:\/\/www.jaimejpalacio.com\/index.php\/wp-json\/wp\/v2\/pages\/295\/revisions"}],"predecessor-version":[{"id":617,"href":"https:\/\/www.jaimejpalacio.com\/index.php\/wp-json\/wp\/v2\/pages\/295\/revisions\/617"}],"wp:attachment":[{"href":"https:\/\/www.jaimejpalacio.com\/index.php\/wp-json\/wp\/v2\/media?parent=295"}],"curies":[{"name":"wp","href":"https:\/\/api.w.org\/{rel}","templated":true}]}}